{"id":5,"date":"2023-05-15T14:38:02","date_gmt":"2023-05-15T14:38:02","guid":{"rendered":"https:\/\/pottzblitz.com\/?page_id=5"},"modified":"2024-07-25T19:30:07","modified_gmt":"2024-07-25T19:30:07","slug":"maintenance-page","status":"publish","type":"page","link":"https:\/\/pottzblitz.com\/","title":{"rendered":"Wartungsarbeiten"},"content":{"rendered":"\n<div id=\"wp-block-themeisle-blocks-advanced-columns-53e22743\" class=\"wp-block-themeisle-blocks-advanced-columns alignfull has-1-columns has-desktop-equal-layout has-tablet-equal-layout has-mobile-equal-layout has-vertical-unset has-light-bg\"><div class=\"wp-block-themeisle-blocks-advanced-columns-overlay\"><\/div><div class=\"innerblocks-wrap\">\n<div id=\"wp-block-themeisle-blocks-advanced-column-f2a31680\" class=\"wp-block-themeisle-blocks-advanced-column\">\n<div id=\"wp-block-themeisle-blocks-advanced-columns-a10c239d\" class=\"wp-block-themeisle-blocks-advanced-columns has-1-columns has-desktop-equal-layout has-tablet-equal-layout has-mobile-equal-layout has-vertical-unset\"><div class=\"wp-block-themeisle-blocks-advanced-columns-overlay\"><\/div><div class=\"innerblocks-wrap\">\n<div id=\"wp-block-themeisle-blocks-advanced-column-a171f636\" class=\"wp-block-themeisle-blocks-advanced-column\">\n<p id=\"wp-block-themeisle-blocks-advanced-heading-d123b92f\" class=\"wp-block-themeisle-blocks-advanced-heading wp-block-themeisle-blocks-advanced-heading-d123b92f\">Willkommen bei Pottzblitz<\/p>\n<h1 id=\"wp-block-themeisle-blocks-advanced-heading-67d18996\" class=\"wp-block-themeisle-blocks-advanced-heading wp-block-themeisle-blocks-advanced-heading-67d18996\">Graphik, Illustration &amp; Tattoos<\/h1>\n<p id=\"wp-block-themeisle-blocks-advanced-heading-17e59d8c\" class=\"wp-block-themeisle-blocks-advanced-heading wp-block-themeisle-blocks-advanced-heading-17e59d8c\">Die Seite wird gerade \u00fcberarbeitet.<\/p>\n<ul class=\"wp-block-social-links has-large-icon-size has-icon-color is-style-logos-only\">\n<\/ul>\n<\/div>\n<\/div><\/div>\n<\/div>\n<\/div><\/div>\n\n\n\n<div id=\"wp-block-themeisle-blocks-advanced-columns-d880776f\" class=\"wp-block-themeisle-blocks-advanced-columns alignfull has-1-columns has-desktop-equal-layout has-tablet-equal-layout has-mobile-equal-layout has-vertical-unset has-light-bg\"><div class=\"wp-block-themeisle-blocks-advanced-columns-overlay\"><\/div><div class=\"innerblocks-wrap\">\n<div id=\"wp-block-themeisle-blocks-advanced-column-273b1976\" class=\"wp-block-themeisle-blocks-advanced-column\">\n<div id=\"wp-block-themeisle-blocks-advanced-columns-4279b54e\" class=\"wp-block-themeisle-blocks-advanced-columns has-2-columns has-desktop-equal-layout has-tablet-equal-layout has-mobile-collapsedRows-layout has-vertical-unset\"><div class=\"wp-block-themeisle-blocks-advanced-columns-overlay\"><\/div><div class=\"innerblocks-wrap\">\n<div id=\"wp-block-themeisle-blocks-advanced-column-357a3551\" class=\"wp-block-themeisle-blocks-advanced-column\">\n<h2 id=\"wp-block-themeisle-blocks-advanced-heading-46e03ed2\" class=\"wp-block-themeisle-blocks-advanced-heading wp-block-themeisle-blocks-advanced-heading-46e03ed2\">Bei dringenden Anfragen, gerne Kontakt aufnehmen<\/h2>\n<div style=\"height:20px\" aria-hidden=\"true\" class=\"wp-block-spacer\"><\/div>\n<div id=\"wp-block-themeisle-blocks-font-awesome-icons-9e4d3c76\" class=\"wp-block-themeisle-blocks-font-awesome-icons ticss-9e4d3c76\"><span class=\"wp-block-themeisle-blocks-font-awesome-icons-container\"><i class=\"fas fa-mobile-alt\"><\/i><\/span><\/div>\n<div id=\"wp-block-themeisle-blocks-advanced-heading-47148bc5\" class=\"wp-block-themeisle-blocks-advanced-heading wp-block-themeisle-blocks-advanced-heading-47148bc5 ticss-47148bc5 animated fadeIn delay-500ms\">Mob. <strong>(0160) 7470593<\/strong><\/div>\n<div style=\"height:20px\" aria-hidden=\"true\" class=\"wp-block-spacer\"><\/div>\n<p id=\"wp-block-themeisle-blocks-advanced-heading-c2c1d224\" class=\"wp-block-themeisle-blocks-advanced-heading wp-block-themeisle-blocks-advanced-heading-c2c1d224\">Alternativ k\u00f6nnt ihr auch gerne \u00fcber meinen Laden Kontakt zu mir aufnehmen:<br><a href=\"https:\/\/schmierfinkundrobird.de\/\" target=\"_blank\" rel=\"noreferrer noopener\">SCHMIERFINK &amp; ROBIRD<\/a><\/p>\n<\/div>\n<div id=\"wp-block-themeisle-blocks-advanced-column-a58ad49a\" class=\"wp-block-themeisle-blocks-advanced-column\">\n<div id=\"wp-block-themeisle-blocks-form-868a56f3\" class=\"wp-block-themeisle-blocks-form\" data-option-name=\"bf9b28ff82ce323187abc5d0feb0d8f07ecd8436_868a56f3\"><form class=\"otter-form__container\">\n<div id=\"wp-block-themeisle-blocks-form-input-dc660632\" class=\"wp-block-themeisle-blocks-form-input\"><label for=\"wp-block-themeisle-blocks-form-input-dc660632-input\" class=\"otter-form-input-label\"><span class=\"otter-form-input-label__label\">Name<\/span><span class=\"required\">*<\/span><\/label><input type=\"text\" id=\"wp-block-themeisle-blocks-form-input-dc660632-input\" required class=\"otter-form-input\"\/><\/div>\n<div id=\"wp-block-themeisle-blocks-form-input-28e1f120\" class=\"wp-block-themeisle-blocks-form-input\"><label for=\"wp-block-themeisle-blocks-form-input-28e1f120-input\" class=\"otter-form-input-label\"><span class=\"otter-form-input-label__label\">E-Mail Address<\/span><span class=\"required\">*<\/span><\/label><input type=\"email\" id=\"wp-block-themeisle-blocks-form-input-28e1f120-input\" required placeholder=\"\" class=\"otter-form-input\"\/><\/div>\n<div id=\"wp-block-themeisle-blocks-form-textarea-6a75dc0e\" class=\"wp-block-themeisle-blocks-form-textarea\"><label for=\"wp-block-themeisle-blocks-form-textarea-6a75dc0e-input\" class=\"otter-form-textarea-label\"><span class=\"otter-form-textarea-label__label\">Anfrage<\/span><\/label><textarea id=\"wp-block-themeisle-blocks-form-textarea-6a75dc0e-input\" placeholder=\"\" rows=\"10\" class=\"otter-form-textarea-input\"><\/textarea><\/div>\n<div class=\"wp-block-button full\"><button class=\"wp-block-button__link\" type=\"submit\">absenden<\/button><\/div><\/form><\/div>\n<\/div>\n<\/div><\/div>\n<\/div>\n<\/div><\/div>\n","protected":false},"excerpt":{"rendered":"<p>Willkommen bei Pottzblitz Graphik, Illustration &amp; Tattoos Die Seite wird gerade \u00fcberarbeitet. Bei dringenden Anfragen, gerne Kontakt aufnehmen Mob. (0160) 7470593 Alternativ k\u00f6nnt ihr auch gerne \u00fcber meinen Laden Kontakt zu mir aufnehmen:SCHMIERFINK &amp; ROBIRD Name* E-Mail Address* Anfrage absenden<\/p>\n","protected":false},"author":1,"featured_media":0,"parent":0,"menu_order":0,"comment_status":"closed","ping_status":"closed","template":"","meta":{"footnotes":""},"_links":{"self":[{"href":"https:\/\/pottzblitz.com\/index.php?rest_route=\/wp\/v2\/pages\/5"}],"collection":[{"href":"https:\/\/pottzblitz.com\/index.php?rest_route=\/wp\/v2\/pages"}],"about":[{"href":"https:\/\/pottzblitz.com\/index.php?rest_route=\/wp\/v2\/types\/page"}],"author":[{"embeddable":true,"href":"https:\/\/pottzblitz.com\/index.php?rest_route=\/wp\/v2\/users\/1"}],"replies":[{"embeddable":true,"href":"https:\/\/pottzblitz.com\/index.php?rest_route=%2Fwp%2Fv2%2Fcomments&post=5"}],"version-history":[{"count":6,"href":"https:\/\/pottzblitz.com\/index.php?rest_route=\/wp\/v2\/pages\/5\/revisions"}],"predecessor-version":[{"id":23,"href":"https:\/\/pottzblitz.com\/index.php?rest_route=\/wp\/v2\/pages\/5\/revisions\/23"}],"wp:attachment":[{"href":"https:\/\/pottzblitz.com\/index.php?rest_route=%2Fwp%2Fv2%2Fmedia&parent=5"}],"curies":[{"name":"wp","href":"https:\/\/api.w.org\/{rel}","templated":true}]}}