{"id":62,"date":"2024-07-26T06:51:44","date_gmt":"2024-07-26T06:51:44","guid":{"rendered":"https:\/\/pottzblitz.com\/?page_id=62"},"modified":"2024-07-26T06:52:40","modified_gmt":"2024-07-26T06:52:40","slug":"kontakt","status":"publish","type":"page","link":"https:\/\/pottzblitz.com\/?page_id=62","title":{"rendered":"Kontakt"},"content":{"rendered":"\n<p>Mehr info in K\u00fcrze.<\/p>\n\n\n\n<h2 class=\"wp-block-heading\" id=\"wp-block-themeisle-blocks-advanced-heading-46e03ed2\">Bei dringenden Anfragen, gerne Kontakt aufnehmen<\/h2>\n\n\n\n<p>Mob.&nbsp;<strong>(0160) 7470593<\/strong><\/p>\n\n\n\n<p id=\"wp-block-themeisle-blocks-advanced-heading-c2c1d224\">Alternativ k\u00f6nnt ihr auch gerne \u00fcber meinen Laden Kontakt zu mir aufnehmen:<br><a href=\"https:\/\/schmierfinkundrobird.de\/\" target=\"_blank\" rel=\"noreferrer noopener\">SCHMIERFINK &amp; ROBIRD<\/a><\/p>\n","protected":false},"excerpt":{"rendered":"<p>Mehr info in K\u00fcrze. Bei dringenden Anfragen, gerne Kontakt aufnehmen Mob.&nbsp;(0160) 7470593 Alternativ k\u00f6nnt ihr auch gerne \u00fcber meinen Laden Kontakt zu mir aufnehmen:SCHMIERFINK &amp; ROBIRD<\/p>\n","protected":false},"author":1,"featured_media":0,"parent":0,"menu_order":0,"comment_status":"closed","ping_status":"closed","template":"","meta":{"footnotes":""},"_links":{"self":[{"href":"https:\/\/pottzblitz.com\/index.php?rest_route=\/wp\/v2\/pages\/62"}],"collection":[{"href":"https:\/\/pottzblitz.com\/index.php?rest_route=\/wp\/v2\/pages"}],"about":[{"href":"https:\/\/pottzblitz.com\/index.php?rest_route=\/wp\/v2\/types\/page"}],"author":[{"embeddable":true,"href":"https:\/\/pottzblitz.com\/index.php?rest_route=\/wp\/v2\/users\/1"}],"replies":[{"embeddable":true,"href":"https:\/\/pottzblitz.com\/index.php?rest_route=%2Fwp%2Fv2%2Fcomments&post=62"}],"version-history":[{"count":2,"href":"https:\/\/pottzblitz.com\/index.php?rest_route=\/wp\/v2\/pages\/62\/revisions"}],"predecessor-version":[{"id":64,"href":"https:\/\/pottzblitz.com\/index.php?rest_route=\/wp\/v2\/pages\/62\/revisions\/64"}],"wp:attachment":[{"href":"https:\/\/pottzblitz.com\/index.php?rest_route=%2Fwp%2Fv2%2Fmedia&parent=62"}],"curies":[{"name":"wp","href":"https:\/\/api.w.org\/{rel}","templated":true}]}}